{"id":3597,"date":"2024-12-18T16:10:27","date_gmt":"2024-12-18T15:10:27","guid":{"rendered":"https:\/\/boutique-de-jeanne-et-mila.fr\/?post_type=product&#038;p=3597"},"modified":"2026-02-23T10:08:11","modified_gmt":"2026-02-23T09:08:11","slug":"pull-nele","status":"publish","type":"product","link":"https:\/\/boutique-de-jeanne-et-mila.fr\/index.php\/produit\/pull-nele\/","title":{"rendered":"Pull Nele"},"content":{"rendered":"<p>Pull ample dans un tissu doux et lisse. Les poignets , le col et le bas du pull\u00a0 sont en tissu c\u00f4tel\u00e9 , fente sur\u00a0 les c\u00f4t\u00e9s<\/p>\n<p>Composition : 48% modal , 48% polyester , 4% Elasthanne<\/p>\n<p>Entretien : Laver en machine \u00e0 30\u00b0<\/p>\n","protected":false},"excerpt":{"rendered":"<p>Pull ample dans un tissu doux et lisse. Les poignets , le col et le bas du pull\u00a0 sont en tissu c\u00f4tel\u00e9 , fente sur\u00a0 les c\u00f4t\u00e9s Composition : 48% modal , 48% polyester , 4% Elasthanne Entretien : Laver en machine \u00e0 30\u00b0<\/p>\n","protected":false},"featured_media":3550,"comment_status":"open","ping_status":"closed","template":"","meta":[],"product_brand":[],"product_cat":[42,380],"product_tag":[],"class_list":{"0":"post-3597","1":"product","2":"type-product","3":"status-publish","4":"has-post-thumbnail","6":"product_cat-saison-automne-hiver","7":"product_cat-pull-nele","8":"pa_couleur-blanc","9":"pa_couleur-noir","11":"first","12":"instock","13":"sale","14":"shipping-taxable","15":"purchasable","16":"product-type-variable"},"jetpack_sharing_enabled":true,"_links":{"self":[{"href":"https:\/\/boutique-de-jeanne-et-mila.fr\/index.php\/wp-json\/wp\/v2\/product\/3597","targetHints":{"allow":["GET"]}}],"collection":[{"href":"https:\/\/boutique-de-jeanne-et-mila.fr\/index.php\/wp-json\/wp\/v2\/product"}],"about":[{"href":"https:\/\/boutique-de-jeanne-et-mila.fr\/index.php\/wp-json\/wp\/v2\/types\/product"}],"replies":[{"embeddable":true,"href":"https:\/\/boutique-de-jeanne-et-mila.fr\/index.php\/wp-json\/wp\/v2\/comments?post=3597"}],"wp:featuredmedia":[{"embeddable":true,"href":"https:\/\/boutique-de-jeanne-et-mila.fr\/index.php\/wp-json\/wp\/v2\/media\/3550"}],"wp:attachment":[{"href":"https:\/\/boutique-de-jeanne-et-mila.fr\/index.php\/wp-json\/wp\/v2\/media?parent=3597"}],"wp:term":[{"taxonomy":"product_brand","embeddable":true,"href":"https:\/\/boutique-de-jeanne-et-mila.fr\/index.php\/wp-json\/wp\/v2\/product_brand?post=3597"},{"taxonomy":"product_cat","embeddable":true,"href":"https:\/\/boutique-de-jeanne-et-mila.fr\/index.php\/wp-json\/wp\/v2\/product_cat?post=3597"},{"taxonomy":"product_tag","embeddable":true,"href":"https:\/\/boutique-de-jeanne-et-mila.fr\/index.php\/wp-json\/wp\/v2\/product_tag?post=3597"}],"curies":[{"name":"wp","href":"https:\/\/api.w.org\/{rel}","templated":true}]}}