{"id":3545,"date":"2024-12-18T13:58:14","date_gmt":"2024-12-18T12:58:14","guid":{"rendered":"https:\/\/boutique-de-jeanne-et-mila.fr\/?post_type=product&#038;p=3545"},"modified":"2026-02-27T18:50:51","modified_gmt":"2026-02-27T17:50:51","slug":"doudoune-manches-courtes","status":"publish","type":"product","link":"https:\/\/boutique-de-jeanne-et-mila.fr\/index.php\/produit\/doudoune-manches-courtes\/","title":{"rendered":"Doudoune manches courtes Nout"},"content":{"rendered":"<p>Doudoune manches courtes , id\u00e9ale pour les journ\u00e9e plus fraiche .<\/p>\n<p>Fermeture \u00e9clair ,capuche amovible , deux\u00a0 poches lat\u00e9rales \u00e0 fermeture \u00e9clair , fermeture \u00e9clair\u00a0 sur les cot\u00e9s.<\/p>\n<p>L\u00e9g\u00e8re , imperm\u00e9able \u00e0 l &#8216;eau,\u00a0 tissu respirants.<\/p>\n<p>Composition : tissu int\u00e9rieur et ext\u00e9rieur\u00a0 100% nylon<\/p>\n<p>: doublure\u00a0 100% polyester<\/p>\n<p>Entretien : laver \u00e0 30\u00b0 , suspendre pour s\u00e9cher<\/p>\n","protected":false},"excerpt":{"rendered":"<p>Doudoune manches courtes , id\u00e9ale pour les journ\u00e9e plus fraiche . Fermeture \u00e9clair ,capuche amovible , deux\u00a0 poches lat\u00e9rales \u00e0 fermeture \u00e9clair , fermeture \u00e9clair\u00a0 sur les cot\u00e9s. L\u00e9g\u00e8re , imperm\u00e9able \u00e0 l &#8216;eau,\u00a0 tissu respirants. Composition : tissu int\u00e9rieur et ext\u00e9rieur\u00a0 100% nylon : doublure\u00a0 100% polyester Entretien : laver \u00e0 30\u00b0 , suspendre [&hellip;]<\/p>\n","protected":false},"featured_media":3559,"comment_status":"open","ping_status":"closed","template":"","meta":[],"product_brand":[],"product_cat":[42,377,343],"product_tag":[],"class_list":{"0":"post-3545","1":"product","2":"type-product","3":"status-publish","4":"has-post-thumbnail","6":"product_cat-saison-automne-hiver","7":"product_cat-doudoune-manches-courtes-nout","8":"product_cat-nouvelle-collection","9":"pa_couleur-ecru","10":"pa_couleur-noir","12":"first","13":"instock","14":"sale","15":"shipping-taxable","16":"purchasable","17":"product-type-variable"},"jetpack_sharing_enabled":true,"_links":{"self":[{"href":"https:\/\/boutique-de-jeanne-et-mila.fr\/index.php\/wp-json\/wp\/v2\/product\/3545","targetHints":{"allow":["GET"]}}],"collection":[{"href":"https:\/\/boutique-de-jeanne-et-mila.fr\/index.php\/wp-json\/wp\/v2\/product"}],"about":[{"href":"https:\/\/boutique-de-jeanne-et-mila.fr\/index.php\/wp-json\/wp\/v2\/types\/product"}],"replies":[{"embeddable":true,"href":"https:\/\/boutique-de-jeanne-et-mila.fr\/index.php\/wp-json\/wp\/v2\/comments?post=3545"}],"wp:featuredmedia":[{"embeddable":true,"href":"https:\/\/boutique-de-jeanne-et-mila.fr\/index.php\/wp-json\/wp\/v2\/media\/3559"}],"wp:attachment":[{"href":"https:\/\/boutique-de-jeanne-et-mila.fr\/index.php\/wp-json\/wp\/v2\/media?parent=3545"}],"wp:term":[{"taxonomy":"product_brand","embeddable":true,"href":"https:\/\/boutique-de-jeanne-et-mila.fr\/index.php\/wp-json\/wp\/v2\/product_brand?post=3545"},{"taxonomy":"product_cat","embeddable":true,"href":"https:\/\/boutique-de-jeanne-et-mila.fr\/index.php\/wp-json\/wp\/v2\/product_cat?post=3545"},{"taxonomy":"product_tag","embeddable":true,"href":"https:\/\/boutique-de-jeanne-et-mila.fr\/index.php\/wp-json\/wp\/v2\/product_tag?post=3545"}],"curies":[{"name":"wp","href":"https:\/\/api.w.org\/{rel}","templated":true}]}}