{"id":3358,"date":"2024-11-14T13:40:46","date_gmt":"2024-11-14T12:40:46","guid":{"rendered":"https:\/\/boutique-de-jeanne-et-mila.fr\/?post_type=product&#038;p=3358"},"modified":"2026-02-24T11:10:53","modified_gmt":"2026-02-24T10:10:53","slug":"pull-essential","status":"publish","type":"product","link":"https:\/\/boutique-de-jeanne-et-mila.fr\/index.php\/produit\/pull-essential\/","title":{"rendered":"Pull Essential"},"content":{"rendered":"<p>Pull \u00e0 col rond en tricot \u00a0c\u00f4tel\u00e9 ,manches longues ,coupe ajust\u00e9e , vous allez l&#8217;appr\u00e9ciez\u00a0 pour ca douceur et son confort.<\/p>\n<p>Trois couleurs au choix ,<\/p>\n<p>Composition :\u00a0 \u00a050% Viscose 28% Polyester 22% Nylon<\/p>\n<p>Entretien : Laver en machine \u00e0 30\u00b0<\/p>\n","protected":false},"excerpt":{"rendered":"<p>Pull \u00e0 col rond en tricot \u00a0c\u00f4tel\u00e9 ,manches longues ,coupe ajust\u00e9e , vous allez l&#8217;appr\u00e9ciez\u00a0 pour ca douceur et son confort. Trois couleurs au choix , Composition :\u00a0 \u00a050% Viscose 28% Polyester 22% Nylon Entretien : Laver en machine \u00e0 30\u00b0<\/p>\n","protected":false},"featured_media":3363,"comment_status":"open","ping_status":"closed","template":"","meta":[],"product_brand":[],"product_cat":[42,343,371],"product_tag":[],"class_list":{"0":"post-3358","1":"product","2":"type-product","3":"status-publish","4":"has-post-thumbnail","6":"product_cat-saison-automne-hiver","7":"product_cat-nouvelle-collection","8":"product_cat-pull-essential","9":"pa_couleur-camel","10":"pa_couleur-gris","11":"pa_couleur-rouge-fonce","13":"first","14":"instock","15":"shipping-taxable","16":"purchasable","17":"product-type-variable"},"jetpack_sharing_enabled":true,"_links":{"self":[{"href":"https:\/\/boutique-de-jeanne-et-mila.fr\/index.php\/wp-json\/wp\/v2\/product\/3358","targetHints":{"allow":["GET"]}}],"collection":[{"href":"https:\/\/boutique-de-jeanne-et-mila.fr\/index.php\/wp-json\/wp\/v2\/product"}],"about":[{"href":"https:\/\/boutique-de-jeanne-et-mila.fr\/index.php\/wp-json\/wp\/v2\/types\/product"}],"replies":[{"embeddable":true,"href":"https:\/\/boutique-de-jeanne-et-mila.fr\/index.php\/wp-json\/wp\/v2\/comments?post=3358"}],"wp:featuredmedia":[{"embeddable":true,"href":"https:\/\/boutique-de-jeanne-et-mila.fr\/index.php\/wp-json\/wp\/v2\/media\/3363"}],"wp:attachment":[{"href":"https:\/\/boutique-de-jeanne-et-mila.fr\/index.php\/wp-json\/wp\/v2\/media?parent=3358"}],"wp:term":[{"taxonomy":"product_brand","embeddable":true,"href":"https:\/\/boutique-de-jeanne-et-mila.fr\/index.php\/wp-json\/wp\/v2\/product_brand?post=3358"},{"taxonomy":"product_cat","embeddable":true,"href":"https:\/\/boutique-de-jeanne-et-mila.fr\/index.php\/wp-json\/wp\/v2\/product_cat?post=3358"},{"taxonomy":"product_tag","embeddable":true,"href":"https:\/\/boutique-de-jeanne-et-mila.fr\/index.php\/wp-json\/wp\/v2\/product_tag?post=3358"}],"curies":[{"name":"wp","href":"https:\/\/api.w.org\/{rel}","templated":true}]}}