{"id":3312,"date":"2024-11-14T10:33:22","date_gmt":"2024-11-14T09:33:22","guid":{"rendered":"https:\/\/boutique-de-jeanne-et-mila.fr\/?post_type=product&#038;p=3312"},"modified":"2026-02-24T11:46:55","modified_gmt":"2026-02-24T10:46:55","slug":"doudoune-matelassee-novak","status":"publish","type":"product","link":"https:\/\/boutique-de-jeanne-et-mila.fr\/index.php\/produit\/doudoune-matelassee-novak\/","title":{"rendered":"Doudoune matelass\u00e9e Novak"},"content":{"rendered":"<p>Doudoune matelass\u00e9e , col montant , manches longues , fermeture \u00e9clair , deux poches lat\u00e9rales, capuche .<\/p>\n<p>Composition : tissu principal\u00a0 100% Nylon<\/p>\n<p>: rembourrage\u00a0 \u00a0100% Polyester<\/p>\n<p>Entretien ; laver en machine \u00e0 30\u00b0<\/p>\n","protected":false},"excerpt":{"rendered":"<p>Doudoune matelass\u00e9e , col montant , manches longues , fermeture \u00e9clair , deux poches lat\u00e9rales, capuche . Composition : tissu principal\u00a0 100% Nylon : rembourrage\u00a0 \u00a0100% Polyester Entretien ; laver en machine \u00e0 30\u00b0<\/p>\n","protected":false},"featured_media":3328,"comment_status":"open","ping_status":"closed","template":"","meta":[],"product_brand":[],"product_cat":[42,368,343,381],"product_tag":[],"class_list":{"0":"post-3312","1":"product","2":"type-product","3":"status-publish","4":"has-post-thumbnail","6":"product_cat-saison-automne-hiver","7":"product_cat-doudoune-matelassee-novak","8":"product_cat-nouvelle-collection","9":"product_cat-soldes","10":"pa_couleur-gris-bleu","12":"first","13":"instock","14":"sale","15":"shipping-taxable","16":"purchasable","17":"product-type-variable"},"jetpack_sharing_enabled":true,"_links":{"self":[{"href":"https:\/\/boutique-de-jeanne-et-mila.fr\/index.php\/wp-json\/wp\/v2\/product\/3312","targetHints":{"allow":["GET"]}}],"collection":[{"href":"https:\/\/boutique-de-jeanne-et-mila.fr\/index.php\/wp-json\/wp\/v2\/product"}],"about":[{"href":"https:\/\/boutique-de-jeanne-et-mila.fr\/index.php\/wp-json\/wp\/v2\/types\/product"}],"replies":[{"embeddable":true,"href":"https:\/\/boutique-de-jeanne-et-mila.fr\/index.php\/wp-json\/wp\/v2\/comments?post=3312"}],"wp:featuredmedia":[{"embeddable":true,"href":"https:\/\/boutique-de-jeanne-et-mila.fr\/index.php\/wp-json\/wp\/v2\/media\/3328"}],"wp:attachment":[{"href":"https:\/\/boutique-de-jeanne-et-mila.fr\/index.php\/wp-json\/wp\/v2\/media?parent=3312"}],"wp:term":[{"taxonomy":"product_brand","embeddable":true,"href":"https:\/\/boutique-de-jeanne-et-mila.fr\/index.php\/wp-json\/wp\/v2\/product_brand?post=3312"},{"taxonomy":"product_cat","embeddable":true,"href":"https:\/\/boutique-de-jeanne-et-mila.fr\/index.php\/wp-json\/wp\/v2\/product_cat?post=3312"},{"taxonomy":"product_tag","embeddable":true,"href":"https:\/\/boutique-de-jeanne-et-mila.fr\/index.php\/wp-json\/wp\/v2\/product_tag?post=3312"}],"curies":[{"name":"wp","href":"https:\/\/api.w.org\/{rel}","templated":true}]}}