{"id":3285,"date":"2024-11-11T14:56:04","date_gmt":"2024-11-11T13:56:04","guid":{"rendered":"https:\/\/boutique-de-jeanne-et-mila.fr\/?post_type=product&#038;p=3285"},"modified":"2026-02-24T11:16:52","modified_gmt":"2026-02-24T10:16:52","slug":"manteau-court-novi","status":"publish","type":"product","link":"https:\/\/boutique-de-jeanne-et-mila.fr\/index.php\/produit\/manteau-court-novi\/","title":{"rendered":"Manteau court Novi"},"content":{"rendered":"<div style=\"width: 436px;\" class=\"wp-video\"><video class=\"wp-video-shortcode\" id=\"video-3285-1\" width=\"436\" height=\"834\" preload=\"metadata\" controls=\"controls\"><source type=\"video\/mp4\" src=\"https:\/\/boutique-de-jeanne-et-mila.fr\/wp-content\/uploads\/2024\/11\/20240922_174855.mp4?_=1\" \/><a href=\"https:\/\/boutique-de-jeanne-et-mila.fr\/wp-content\/uploads\/2024\/11\/20240922_174855.mp4\">https:\/\/boutique-de-jeanne-et-mila.fr\/wp-content\/uploads\/2024\/11\/20240922_174855.mp4<\/a><\/video><\/div>\n<p><img loading=\"lazy\" decoding=\"async\" class=\"alignnone size-medium wp-image-3286\" src=\"https:\/\/boutique-de-jeanne-et-mila.fr\/wp-content\/uploads\/2024\/11\/Screenshot_20241111_141903_Google-300x176.jpg\" alt=\"\" width=\"300\" height=\"176\" \/><\/p>\n<p>Le manteau court Novi\u00a0 : id\u00e9ale pour les journ\u00e9e plus fraiche . Avec son col montant, ses poches plaqu\u00e9es devant , son double boutonnage\u00a0 dans son tissu matelass\u00e9 ,<\/p>\n<p>il est chic et confortable. IL est l\u00e9ger , imperm\u00e9able \u00e0 l&#8217;eau et fait de tissu respirant.<\/p>\n<p>longueur dos : 62cm<\/p>\n<p>Composition : Tissu int\u00e9rieur et ext\u00e9rieur 100%\u00a0 nylon<\/p>\n<p>Doublure : 100% Polyester<\/p>\n","protected":false},"excerpt":{"rendered":"<p>Le manteau court Novi\u00a0 : id\u00e9ale pour les journ\u00e9e plus fraiche . Avec son col montant, ses poches plaqu\u00e9es devant , son double boutonnage\u00a0 dans son tissu matelass\u00e9 , il est chic et confortable. IL est l\u00e9ger , imperm\u00e9able \u00e0 l&#8217;eau et fait de tissu respirant. longueur dos : 62cm Composition : Tissu int\u00e9rieur et [&hellip;]<\/p>\n","protected":false},"featured_media":3289,"comment_status":"open","ping_status":"closed","template":"","meta":[],"product_brand":[],"product_cat":[42,343,381],"product_tag":[],"class_list":{"0":"post-3285","1":"product","2":"type-product","3":"status-publish","4":"has-post-thumbnail","6":"product_cat-saison-automne-hiver","7":"product_cat-nouvelle-collection","8":"product_cat-soldes","9":"pa_couleur-brume-grise","10":"pa_couleur-noir","12":"first","13":"instock","14":"shipping-taxable","15":"purchasable","16":"product-type-variable"},"jetpack_sharing_enabled":true,"_links":{"self":[{"href":"https:\/\/boutique-de-jeanne-et-mila.fr\/index.php\/wp-json\/wp\/v2\/product\/3285","targetHints":{"allow":["GET"]}}],"collection":[{"href":"https:\/\/boutique-de-jeanne-et-mila.fr\/index.php\/wp-json\/wp\/v2\/product"}],"about":[{"href":"https:\/\/boutique-de-jeanne-et-mila.fr\/index.php\/wp-json\/wp\/v2\/types\/product"}],"replies":[{"embeddable":true,"href":"https:\/\/boutique-de-jeanne-et-mila.fr\/index.php\/wp-json\/wp\/v2\/comments?post=3285"}],"wp:featuredmedia":[{"embeddable":true,"href":"https:\/\/boutique-de-jeanne-et-mila.fr\/index.php\/wp-json\/wp\/v2\/media\/3289"}],"wp:attachment":[{"href":"https:\/\/boutique-de-jeanne-et-mila.fr\/index.php\/wp-json\/wp\/v2\/media?parent=3285"}],"wp:term":[{"taxonomy":"product_brand","embeddable":true,"href":"https:\/\/boutique-de-jeanne-et-mila.fr\/index.php\/wp-json\/wp\/v2\/product_brand?post=3285"},{"taxonomy":"product_cat","embeddable":true,"href":"https:\/\/boutique-de-jeanne-et-mila.fr\/index.php\/wp-json\/wp\/v2\/product_cat?post=3285"},{"taxonomy":"product_tag","embeddable":true,"href":"https:\/\/boutique-de-jeanne-et-mila.fr\/index.php\/wp-json\/wp\/v2\/product_tag?post=3285"}],"curies":[{"name":"wp","href":"https:\/\/api.w.org\/{rel}","templated":true}]}}