{"id":3258,"date":"2024-11-11T11:15:04","date_gmt":"2024-11-11T10:15:04","guid":{"rendered":"https:\/\/boutique-de-jeanne-et-mila.fr\/?post_type=product&#038;p=3258"},"modified":"2026-02-07T14:21:50","modified_gmt":"2026-02-07T13:21:50","slug":"manteau-nudara","status":"publish","type":"product","link":"https:\/\/boutique-de-jeanne-et-mila.fr\/index.php\/produit\/manteau-nudara\/","title":{"rendered":"Manteau Nudara"},"content":{"rendered":"<p>Manteau Nudara : V\u00eatements d ext\u00e9rieure , con\u00e7u pour vous garder au chaud<\/p>\n<p>Fermeture \u00e0 boutonni\u00e8re , doubler , deux poches<\/p>\n<p>Longueur : 100cm<\/p>\n<p>Composition : tissu principal 100 % polyester , doublure 100% polyester<\/p>\n","protected":false},"excerpt":{"rendered":"<p>Manteau Nudara : V\u00eatements d ext\u00e9rieure , con\u00e7u pour vous garder au chaud Fermeture \u00e0 boutonni\u00e8re , doubler , deux poches Longueur : 100cm Composition : tissu principal 100 % polyester , doublure 100% polyester<\/p>\n","protected":false},"featured_media":3243,"comment_status":"open","ping_status":"closed","template":"","meta":[],"product_brand":[],"product_cat":[42,363,343,381],"product_tag":[],"class_list":{"0":"post-3258","1":"product","2":"type-product","3":"status-publish","4":"has-post-thumbnail","6":"product_cat-saison-automne-hiver","7":"product_cat-manteau-nudara","8":"product_cat-nouvelle-collection","9":"product_cat-soldes","10":"pa_couleur-sable-clair","12":"first","13":"instock","14":"sale","15":"shipping-taxable","16":"purchasable","17":"product-type-variable"},"jetpack_sharing_enabled":true,"_links":{"self":[{"href":"https:\/\/boutique-de-jeanne-et-mila.fr\/index.php\/wp-json\/wp\/v2\/product\/3258","targetHints":{"allow":["GET"]}}],"collection":[{"href":"https:\/\/boutique-de-jeanne-et-mila.fr\/index.php\/wp-json\/wp\/v2\/product"}],"about":[{"href":"https:\/\/boutique-de-jeanne-et-mila.fr\/index.php\/wp-json\/wp\/v2\/types\/product"}],"replies":[{"embeddable":true,"href":"https:\/\/boutique-de-jeanne-et-mila.fr\/index.php\/wp-json\/wp\/v2\/comments?post=3258"}],"wp:featuredmedia":[{"embeddable":true,"href":"https:\/\/boutique-de-jeanne-et-mila.fr\/index.php\/wp-json\/wp\/v2\/media\/3243"}],"wp:attachment":[{"href":"https:\/\/boutique-de-jeanne-et-mila.fr\/index.php\/wp-json\/wp\/v2\/media?parent=3258"}],"wp:term":[{"taxonomy":"product_brand","embeddable":true,"href":"https:\/\/boutique-de-jeanne-et-mila.fr\/index.php\/wp-json\/wp\/v2\/product_brand?post=3258"},{"taxonomy":"product_cat","embeddable":true,"href":"https:\/\/boutique-de-jeanne-et-mila.fr\/index.php\/wp-json\/wp\/v2\/product_cat?post=3258"},{"taxonomy":"product_tag","embeddable":true,"href":"https:\/\/boutique-de-jeanne-et-mila.fr\/index.php\/wp-json\/wp\/v2\/product_tag?post=3258"}],"curies":[{"name":"wp","href":"https:\/\/api.w.org\/{rel}","templated":true}]}}