{"id":3232,"date":"2024-11-07T17:46:44","date_gmt":"2024-11-07T16:46:44","guid":{"rendered":"https:\/\/boutique-de-jeanne-et-mila.fr\/?post_type=product&#038;p=3232"},"modified":"2026-02-28T09:16:33","modified_gmt":"2026-02-28T08:16:33","slug":"robe-nasima","status":"publish","type":"product","link":"https:\/\/boutique-de-jeanne-et-mila.fr\/index.php\/produit\/robe-nasima\/","title":{"rendered":"Robe Nasima"},"content":{"rendered":"<p>&nbsp;<\/p>\n<p>Robe en jersey souple avec imprim\u00e9 all-over vert \/ marron. Cette robe boutonn\u00e9e \u00e0 manches longues poss\u00e8de une encolure ronde avec un petit col montant.<\/p>\n<p>Longueur : 110 cm<\/p>\n<p>Composition : 64% Viscose 28% Nylon 8% Elasthanne<\/p>\n<p>Entretien : laver en machine \u00e0 30\u00b0<\/p>\n<p>longueur : 110 cm<\/p>\n<p>&nbsp;<\/p>\n","protected":false},"excerpt":{"rendered":"<p>&nbsp; Robe en jersey souple avec imprim\u00e9 all-over vert \/ marron. Cette robe boutonn\u00e9e \u00e0 manches longues poss\u00e8de une encolure ronde avec un petit col montant. Longueur : 110 cm Composition : 64% Viscose 28% Nylon 8% Elasthanne Entretien : laver en machine \u00e0 30\u00b0 longueur : 110 cm &nbsp;<\/p>\n","protected":false},"featured_media":3244,"comment_status":"open","ping_status":"closed","template":"","meta":[],"product_brand":[],"product_cat":[42,343,361,381],"product_tag":[],"class_list":{"0":"post-3232","1":"product","2":"type-product","3":"status-publish","4":"has-post-thumbnail","6":"product_cat-saison-automne-hiver","7":"product_cat-nouvelle-collection","8":"product_cat-robe-nasima","9":"product_cat-soldes","10":"pa_couleur-vert-olive-multicolore","12":"first","13":"instock","14":"sale","15":"shipping-taxable","16":"purchasable","17":"product-type-variable"},"jetpack_sharing_enabled":true,"_links":{"self":[{"href":"https:\/\/boutique-de-jeanne-et-mila.fr\/index.php\/wp-json\/wp\/v2\/product\/3232","targetHints":{"allow":["GET"]}}],"collection":[{"href":"https:\/\/boutique-de-jeanne-et-mila.fr\/index.php\/wp-json\/wp\/v2\/product"}],"about":[{"href":"https:\/\/boutique-de-jeanne-et-mila.fr\/index.php\/wp-json\/wp\/v2\/types\/product"}],"replies":[{"embeddable":true,"href":"https:\/\/boutique-de-jeanne-et-mila.fr\/index.php\/wp-json\/wp\/v2\/comments?post=3232"}],"wp:featuredmedia":[{"embeddable":true,"href":"https:\/\/boutique-de-jeanne-et-mila.fr\/index.php\/wp-json\/wp\/v2\/media\/3244"}],"wp:attachment":[{"href":"https:\/\/boutique-de-jeanne-et-mila.fr\/index.php\/wp-json\/wp\/v2\/media?parent=3232"}],"wp:term":[{"taxonomy":"product_brand","embeddable":true,"href":"https:\/\/boutique-de-jeanne-et-mila.fr\/index.php\/wp-json\/wp\/v2\/product_brand?post=3232"},{"taxonomy":"product_cat","embeddable":true,"href":"https:\/\/boutique-de-jeanne-et-mila.fr\/index.php\/wp-json\/wp\/v2\/product_cat?post=3232"},{"taxonomy":"product_tag","embeddable":true,"href":"https:\/\/boutique-de-jeanne-et-mila.fr\/index.php\/wp-json\/wp\/v2\/product_tag?post=3232"}],"curies":[{"name":"wp","href":"https:\/\/api.w.org\/{rel}","templated":true}]}}