{"id":3111,"date":"2024-09-23T15:15:43","date_gmt":"2024-09-23T13:15:43","guid":{"rendered":"https:\/\/boutique-de-jeanne-et-mila.fr\/?post_type=product&#038;p=3111"},"modified":"2026-01-24T14:51:54","modified_gmt":"2026-01-24T13:51:54","slug":"robe-neia","status":"publish","type":"product","link":"https:\/\/boutique-de-jeanne-et-mila.fr\/index.php\/produit\/robe-neia\/","title":{"rendered":"Robe Neia"},"content":{"rendered":"<p>Robe longue \u00e0 pois\u00a0 noir \/ \u00e9cru , pr\u00e9sente un m\u00e9lange de viscose et de nylon , fermeture boutonn\u00e9e , manches longues , col classique ,<\/p>\n<p>deux poches lat\u00e9ral ,fentes en bas de la robe, ceinture \u00e0 passant<\/p>\n<p>Composition : 64% Viscose 28 % Nylon 8% Elasthanne<\/p>\n<p>Entretien : laver en machine \u00e0<\/p>\n<p>&nbsp;<\/p>\n","protected":false},"excerpt":{"rendered":"<p>Robe longue \u00e0 pois\u00a0 noir \/ \u00e9cru , pr\u00e9sente un m\u00e9lange de viscose et de nylon , fermeture boutonn\u00e9e , manches longues , col classique , deux poches lat\u00e9ral ,fentes en bas de la robe, ceinture \u00e0 passant Composition : 64% Viscose 28 % Nylon 8% Elasthanne Entretien : laver en machine \u00e0 &nbsp;<\/p>\n","protected":false},"featured_media":3113,"comment_status":"open","ping_status":"closed","template":"","meta":[],"product_brand":[],"product_cat":[42,343,356,381],"product_tag":[],"class_list":{"0":"post-3111","1":"product","2":"type-product","3":"status-publish","4":"has-post-thumbnail","6":"product_cat-saison-automne-hiver","7":"product_cat-nouvelle-collection","8":"product_cat-robe-neia","9":"product_cat-soldes","10":"pa_couleur-noir-ecru","12":"first","13":"instock","14":"sale","15":"shipping-taxable","16":"purchasable","17":"product-type-variable"},"jetpack_sharing_enabled":true,"_links":{"self":[{"href":"https:\/\/boutique-de-jeanne-et-mila.fr\/index.php\/wp-json\/wp\/v2\/product\/3111","targetHints":{"allow":["GET"]}}],"collection":[{"href":"https:\/\/boutique-de-jeanne-et-mila.fr\/index.php\/wp-json\/wp\/v2\/product"}],"about":[{"href":"https:\/\/boutique-de-jeanne-et-mila.fr\/index.php\/wp-json\/wp\/v2\/types\/product"}],"replies":[{"embeddable":true,"href":"https:\/\/boutique-de-jeanne-et-mila.fr\/index.php\/wp-json\/wp\/v2\/comments?post=3111"}],"wp:featuredmedia":[{"embeddable":true,"href":"https:\/\/boutique-de-jeanne-et-mila.fr\/index.php\/wp-json\/wp\/v2\/media\/3113"}],"wp:attachment":[{"href":"https:\/\/boutique-de-jeanne-et-mila.fr\/index.php\/wp-json\/wp\/v2\/media?parent=3111"}],"wp:term":[{"taxonomy":"product_brand","embeddable":true,"href":"https:\/\/boutique-de-jeanne-et-mila.fr\/index.php\/wp-json\/wp\/v2\/product_brand?post=3111"},{"taxonomy":"product_cat","embeddable":true,"href":"https:\/\/boutique-de-jeanne-et-mila.fr\/index.php\/wp-json\/wp\/v2\/product_cat?post=3111"},{"taxonomy":"product_tag","embeddable":true,"href":"https:\/\/boutique-de-jeanne-et-mila.fr\/index.php\/wp-json\/wp\/v2\/product_tag?post=3111"}],"curies":[{"name":"wp","href":"https:\/\/api.w.org\/{rel}","templated":true}]}}