{"id":3071,"date":"2024-09-08T14:29:23","date_gmt":"2024-09-08T12:29:23","guid":{"rendered":"https:\/\/boutique-de-jeanne-et-mila.fr\/?post_type=product&#038;p=3071"},"modified":"2026-02-24T11:20:28","modified_gmt":"2026-02-24T10:20:28","slug":"veste-nelleke","status":"publish","type":"product","link":"https:\/\/boutique-de-jeanne-et-mila.fr\/index.php\/produit\/veste-nelleke\/","title":{"rendered":"Veste Nelleke"},"content":{"rendered":"<p>Veste \u00e0 capuche , manches longues , peut se mettre en manches 3\/4 , fermeture boutonn\u00e9 .<\/p>\n<p>Composition : 49% Polyester 46% Viscose 5% Elasthanne<\/p>\n<p>Entretien : laver en machine \u00e0 30 degr\u00e9<\/p>\n","protected":false},"excerpt":{"rendered":"<p>Veste \u00e0 capuche , manches longues , peut se mettre en manches 3\/4 , fermeture boutonn\u00e9 . Composition : 49% Polyester 46% Viscose 5% Elasthanne Entretien : laver en machine \u00e0 30 degr\u00e9<\/p>\n","protected":false},"featured_media":3077,"comment_status":"open","ping_status":"closed","template":"","meta":[],"product_brand":[],"product_cat":[42,343,381,354],"product_tag":[],"class_list":{"0":"post-3071","1":"product","2":"type-product","3":"status-publish","4":"has-post-thumbnail","6":"product_cat-saison-automne-hiver","7":"product_cat-nouvelle-collection","8":"product_cat-soldes","9":"product_cat-veste-nelleke","10":"pa_couleur-camel","11":"pa_couleur-noir","12":"pa_couleur-vert-avocat","14":"first","15":"instock","16":"shipping-taxable","17":"purchasable","18":"product-type-variable"},"jetpack_sharing_enabled":true,"_links":{"self":[{"href":"https:\/\/boutique-de-jeanne-et-mila.fr\/index.php\/wp-json\/wp\/v2\/product\/3071","targetHints":{"allow":["GET"]}}],"collection":[{"href":"https:\/\/boutique-de-jeanne-et-mila.fr\/index.php\/wp-json\/wp\/v2\/product"}],"about":[{"href":"https:\/\/boutique-de-jeanne-et-mila.fr\/index.php\/wp-json\/wp\/v2\/types\/product"}],"replies":[{"embeddable":true,"href":"https:\/\/boutique-de-jeanne-et-mila.fr\/index.php\/wp-json\/wp\/v2\/comments?post=3071"}],"wp:featuredmedia":[{"embeddable":true,"href":"https:\/\/boutique-de-jeanne-et-mila.fr\/index.php\/wp-json\/wp\/v2\/media\/3077"}],"wp:attachment":[{"href":"https:\/\/boutique-de-jeanne-et-mila.fr\/index.php\/wp-json\/wp\/v2\/media?parent=3071"}],"wp:term":[{"taxonomy":"product_brand","embeddable":true,"href":"https:\/\/boutique-de-jeanne-et-mila.fr\/index.php\/wp-json\/wp\/v2\/product_brand?post=3071"},{"taxonomy":"product_cat","embeddable":true,"href":"https:\/\/boutique-de-jeanne-et-mila.fr\/index.php\/wp-json\/wp\/v2\/product_cat?post=3071"},{"taxonomy":"product_tag","embeddable":true,"href":"https:\/\/boutique-de-jeanne-et-mila.fr\/index.php\/wp-json\/wp\/v2\/product_tag?post=3071"}],"curies":[{"name":"wp","href":"https:\/\/api.w.org\/{rel}","templated":true}]}}