{"id":3049,"date":"2024-09-03T18:36:54","date_gmt":"2024-09-03T16:36:54","guid":{"rendered":"https:\/\/boutique-de-jeanne-et-mila.fr\/?post_type=product&#038;p=3049"},"modified":"2026-01-24T15:11:37","modified_gmt":"2026-01-24T14:11:37","slug":"robe-longue-puck-essential","status":"publish","type":"product","link":"https:\/\/boutique-de-jeanne-et-mila.fr\/index.php\/produit\/robe-longue-puck-essential\/","title":{"rendered":"Robe Longue Puck Essential"},"content":{"rendered":"<p>Robe longue , fermeture \u00e0 bouton sur toute la longueur\u00a0 , deux poches , ceinture int\u00e9gr\u00e9e , manches 3\/4 , fente sur les cot\u00e9s en bas de la robe<\/p>\n<p>Composition : 75% Polyamide 25% Elasthanne<\/p>\n<p>Entretien : laver en machine \u00e0 30 degr\u00e9<\/p>\n","protected":false},"excerpt":{"rendered":"<p>Robe longue , fermeture \u00e0 bouton sur toute la longueur\u00a0 , deux poches , ceinture int\u00e9gr\u00e9e , manches 3\/4 , fente sur les cot\u00e9s en bas de la robe Composition : 75% Polyamide 25% Elasthanne Entretien : laver en machine \u00e0 30 degr\u00e9<\/p>\n","protected":false},"featured_media":3050,"comment_status":"open","ping_status":"closed","template":"","meta":[],"product_brand":[],"product_cat":[42,343,353,381],"product_tag":[],"class_list":{"0":"post-3049","1":"product","2":"type-product","3":"status-publish","4":"has-post-thumbnail","6":"product_cat-saison-automne-hiver","7":"product_cat-nouvelle-collection","8":"product_cat-robe-longue-puck-essential","9":"product_cat-soldes","10":"pa_couleur-vert-avocat-noir","12":"first","13":"instock","14":"sale","15":"shipping-taxable","16":"purchasable","17":"product-type-variable"},"jetpack_sharing_enabled":true,"_links":{"self":[{"href":"https:\/\/boutique-de-jeanne-et-mila.fr\/index.php\/wp-json\/wp\/v2\/product\/3049","targetHints":{"allow":["GET"]}}],"collection":[{"href":"https:\/\/boutique-de-jeanne-et-mila.fr\/index.php\/wp-json\/wp\/v2\/product"}],"about":[{"href":"https:\/\/boutique-de-jeanne-et-mila.fr\/index.php\/wp-json\/wp\/v2\/types\/product"}],"replies":[{"embeddable":true,"href":"https:\/\/boutique-de-jeanne-et-mila.fr\/index.php\/wp-json\/wp\/v2\/comments?post=3049"}],"wp:featuredmedia":[{"embeddable":true,"href":"https:\/\/boutique-de-jeanne-et-mila.fr\/index.php\/wp-json\/wp\/v2\/media\/3050"}],"wp:attachment":[{"href":"https:\/\/boutique-de-jeanne-et-mila.fr\/index.php\/wp-json\/wp\/v2\/media?parent=3049"}],"wp:term":[{"taxonomy":"product_brand","embeddable":true,"href":"https:\/\/boutique-de-jeanne-et-mila.fr\/index.php\/wp-json\/wp\/v2\/product_brand?post=3049"},{"taxonomy":"product_cat","embeddable":true,"href":"https:\/\/boutique-de-jeanne-et-mila.fr\/index.php\/wp-json\/wp\/v2\/product_cat?post=3049"},{"taxonomy":"product_tag","embeddable":true,"href":"https:\/\/boutique-de-jeanne-et-mila.fr\/index.php\/wp-json\/wp\/v2\/product_tag?post=3049"}],"curies":[{"name":"wp","href":"https:\/\/api.w.org\/{rel}","templated":true}]}}