{"id":2622,"date":"2024-05-26T20:06:07","date_gmt":"2024-05-26T18:06:07","guid":{"rendered":"https:\/\/boutique-de-jeanne-et-mila.fr\/?post_type=product&#038;p=2622"},"modified":"2025-02-02T12:35:33","modified_gmt":"2025-02-02T11:35:33","slug":"robe-gennifer","status":"publish","type":"product","link":"https:\/\/boutique-de-jeanne-et-mila.fr\/index.php\/produit\/robe-gennifer\/","title":{"rendered":"ROBE GENNIFER"},"content":{"rendered":"<p>Robe\u00a0 dans un joli jersey doux avec imprim\u00e9 Ikat noir et blanc. Cette robe longueur mi-mollet a une coupe classique , des manches courtes et peut \u00eatre nou\u00e9e \u00e0 la taille, fermeture<\/p>\n<p>enti\u00e8rement\u00a0 boutonn\u00e9e sur le devant , taille cintr\u00e9e ,fentes lat\u00e9rales<\/p>\n<p>COMPOSITION : 96% VISCOSE 4% ELASTANNE<\/p>\n<p>Lavage en machine : 30 degr\u00e9<\/p>\n","protected":false},"excerpt":{"rendered":"<p>Robe\u00a0 dans un joli jersey doux avec imprim\u00e9 Ikat noir et blanc. Cette robe longueur mi-mollet a une coupe classique , des manches courtes et peut \u00eatre nou\u00e9e \u00e0 la taille, fermeture enti\u00e8rement\u00a0 boutonn\u00e9e sur le devant , taille cintr\u00e9e ,fentes lat\u00e9rales COMPOSITION : 96% VISCOSE 4% ELASTANNE Lavage en machine : 30 degr\u00e9<\/p>\n","protected":false},"featured_media":2579,"comment_status":"open","ping_status":"closed","template":"","meta":[],"product_brand":[],"product_cat":[41,327,381],"product_tag":[],"class_list":{"0":"post-2622","1":"product","2":"type-product","3":"status-publish","4":"has-post-thumbnail","6":"product_cat-saison-printemps-ete","7":"product_cat-robe-gennifer","8":"product_cat-soldes","9":"pa_couleur-noir-blanc","11":"first","12":"instock","13":"sale","14":"shipping-taxable","15":"purchasable","16":"product-type-variable"},"jetpack_sharing_enabled":true,"_links":{"self":[{"href":"https:\/\/boutique-de-jeanne-et-mila.fr\/index.php\/wp-json\/wp\/v2\/product\/2622","targetHints":{"allow":["GET"]}}],"collection":[{"href":"https:\/\/boutique-de-jeanne-et-mila.fr\/index.php\/wp-json\/wp\/v2\/product"}],"about":[{"href":"https:\/\/boutique-de-jeanne-et-mila.fr\/index.php\/wp-json\/wp\/v2\/types\/product"}],"replies":[{"embeddable":true,"href":"https:\/\/boutique-de-jeanne-et-mila.fr\/index.php\/wp-json\/wp\/v2\/comments?post=2622"}],"wp:featuredmedia":[{"embeddable":true,"href":"https:\/\/boutique-de-jeanne-et-mila.fr\/index.php\/wp-json\/wp\/v2\/media\/2579"}],"wp:attachment":[{"href":"https:\/\/boutique-de-jeanne-et-mila.fr\/index.php\/wp-json\/wp\/v2\/media?parent=2622"}],"wp:term":[{"taxonomy":"product_brand","embeddable":true,"href":"https:\/\/boutique-de-jeanne-et-mila.fr\/index.php\/wp-json\/wp\/v2\/product_brand?post=2622"},{"taxonomy":"product_cat","embeddable":true,"href":"https:\/\/boutique-de-jeanne-et-mila.fr\/index.php\/wp-json\/wp\/v2\/product_cat?post=2622"},{"taxonomy":"product_tag","embeddable":true,"href":"https:\/\/boutique-de-jeanne-et-mila.fr\/index.php\/wp-json\/wp\/v2\/product_tag?post=2622"}],"curies":[{"name":"wp","href":"https:\/\/api.w.org\/{rel}","templated":true}]}}