{"id":2585,"date":"2024-05-26T00:28:09","date_gmt":"2024-05-25T22:28:09","guid":{"rendered":"https:\/\/boutique-de-jeanne-et-mila.fr\/?post_type=product&#038;p=2585"},"modified":"2025-06-29T11:19:56","modified_gmt":"2025-06-29T09:19:56","slug":"tee-shirt-ivamaria","status":"publish","type":"product","link":"https:\/\/boutique-de-jeanne-et-mila.fr\/index.php\/produit\/tee-shirt-ivamaria\/","title":{"rendered":"Tee-shirt Ivamaria"},"content":{"rendered":"<p>Tee-shirt d\u00e9contract\u00e9e , col rond, manches courtes , imprim\u00e9e devant ,\u00a0 femme pour le blanc , galerie de soleil pour\u00a0 le\u00a0 couleur sable<\/p>\n<p>Composition : 48% MODAL\u00a0 48% COTON\u00a0 4% ELASTANNE<\/p>\n<p>&nbsp;<\/p>\n","protected":false},"excerpt":{"rendered":"<p>Tee-shirt d\u00e9contract\u00e9e , col rond, manches courtes , imprim\u00e9e devant ,\u00a0 femme pour le blanc , galerie de soleil pour\u00a0 le\u00a0 couleur sable Composition : 48% MODAL\u00a0 48% COTON\u00a0 4% ELASTANNE &nbsp;<\/p>\n","protected":false},"featured_media":2576,"comment_status":"open","ping_status":"closed","template":"","meta":[],"product_brand":[],"product_cat":[41,324],"product_tag":[],"class_list":{"0":"post-2585","1":"product","2":"type-product","3":"status-publish","4":"has-post-thumbnail","6":"product_cat-saison-printemps-ete","7":"product_cat-tee-shirt-ivamaria","8":"pa_couleur-blanc","9":"pa_couleur-sable","11":"first","12":"instock","13":"sale","14":"shipping-taxable","15":"purchasable","16":"product-type-variable"},"jetpack_sharing_enabled":true,"_links":{"self":[{"href":"https:\/\/boutique-de-jeanne-et-mila.fr\/index.php\/wp-json\/wp\/v2\/product\/2585","targetHints":{"allow":["GET"]}}],"collection":[{"href":"https:\/\/boutique-de-jeanne-et-mila.fr\/index.php\/wp-json\/wp\/v2\/product"}],"about":[{"href":"https:\/\/boutique-de-jeanne-et-mila.fr\/index.php\/wp-json\/wp\/v2\/types\/product"}],"replies":[{"embeddable":true,"href":"https:\/\/boutique-de-jeanne-et-mila.fr\/index.php\/wp-json\/wp\/v2\/comments?post=2585"}],"wp:featuredmedia":[{"embeddable":true,"href":"https:\/\/boutique-de-jeanne-et-mila.fr\/index.php\/wp-json\/wp\/v2\/media\/2576"}],"wp:attachment":[{"href":"https:\/\/boutique-de-jeanne-et-mila.fr\/index.php\/wp-json\/wp\/v2\/media?parent=2585"}],"wp:term":[{"taxonomy":"product_brand","embeddable":true,"href":"https:\/\/boutique-de-jeanne-et-mila.fr\/index.php\/wp-json\/wp\/v2\/product_brand?post=2585"},{"taxonomy":"product_cat","embeddable":true,"href":"https:\/\/boutique-de-jeanne-et-mila.fr\/index.php\/wp-json\/wp\/v2\/product_cat?post=2585"},{"taxonomy":"product_tag","embeddable":true,"href":"https:\/\/boutique-de-jeanne-et-mila.fr\/index.php\/wp-json\/wp\/v2\/product_tag?post=2585"}],"curies":[{"name":"wp","href":"https:\/\/api.w.org\/{rel}","templated":true}]}}