{"id":2427,"date":"2024-04-22T15:12:02","date_gmt":"2024-04-22T13:12:02","guid":{"rendered":"https:\/\/boutique-de-jeanne-et-mila.fr\/?post_type=product&#038;p=2427"},"modified":"2025-02-02T12:33:57","modified_gmt":"2025-02-02T11:33:57","slug":"robe-sophie","status":"publish","type":"product","link":"https:\/\/boutique-de-jeanne-et-mila.fr\/index.php\/produit\/robe-sophie\/","title":{"rendered":"ROBE SOPHIE"},"content":{"rendered":"<p>Robe longue boutonn\u00e9e , manches courtes avec un revers. Deux poches, ceinture \u00e0 la taille a nouer, fente de chaque cot\u00e9 en bas de la robe<\/p>\n<p>Robe en jean denim<\/p>\n<p>Longueur ; 120cm<\/p>\n<p>COMPOSITION\u00a0 : 100% Lyocell<\/p>\n","protected":false},"excerpt":{"rendered":"<p>Robe longue boutonn\u00e9e , manches courtes avec un revers. Deux poches, ceinture \u00e0 la taille a nouer, fente de chaque cot\u00e9 en bas de la robe Robe en jean denim Longueur ; 120cm COMPOSITION\u00a0 : 100% Lyocell<\/p>\n","protected":false},"featured_media":2432,"comment_status":"open","ping_status":"closed","template":"","meta":[],"product_brand":[],"product_cat":[41,315,381],"product_tag":[],"class_list":{"0":"post-2427","1":"product","2":"type-product","3":"status-publish","4":"has-post-thumbnail","6":"product_cat-saison-printemps-ete","7":"product_cat-robe-sophie","8":"product_cat-soldes","9":"pa_couleur-noir","11":"first","12":"instock","13":"sale","14":"shipping-taxable","15":"purchasable","16":"product-type-variable"},"jetpack_sharing_enabled":true,"_links":{"self":[{"href":"https:\/\/boutique-de-jeanne-et-mila.fr\/index.php\/wp-json\/wp\/v2\/product\/2427","targetHints":{"allow":["GET"]}}],"collection":[{"href":"https:\/\/boutique-de-jeanne-et-mila.fr\/index.php\/wp-json\/wp\/v2\/product"}],"about":[{"href":"https:\/\/boutique-de-jeanne-et-mila.fr\/index.php\/wp-json\/wp\/v2\/types\/product"}],"replies":[{"embeddable":true,"href":"https:\/\/boutique-de-jeanne-et-mila.fr\/index.php\/wp-json\/wp\/v2\/comments?post=2427"}],"wp:featuredmedia":[{"embeddable":true,"href":"https:\/\/boutique-de-jeanne-et-mila.fr\/index.php\/wp-json\/wp\/v2\/media\/2432"}],"wp:attachment":[{"href":"https:\/\/boutique-de-jeanne-et-mila.fr\/index.php\/wp-json\/wp\/v2\/media?parent=2427"}],"wp:term":[{"taxonomy":"product_brand","embeddable":true,"href":"https:\/\/boutique-de-jeanne-et-mila.fr\/index.php\/wp-json\/wp\/v2\/product_brand?post=2427"},{"taxonomy":"product_cat","embeddable":true,"href":"https:\/\/boutique-de-jeanne-et-mila.fr\/index.php\/wp-json\/wp\/v2\/product_cat?post=2427"},{"taxonomy":"product_tag","embeddable":true,"href":"https:\/\/boutique-de-jeanne-et-mila.fr\/index.php\/wp-json\/wp\/v2\/product_tag?post=2427"}],"curies":[{"name":"wp","href":"https:\/\/api.w.org\/{rel}","templated":true}]}}