{"id":2380,"date":"2024-04-11T11:53:28","date_gmt":"2024-04-11T09:53:28","guid":{"rendered":"https:\/\/boutique-de-jeanne-et-mila.fr\/?post_type=product&#038;p=2380"},"modified":"2026-02-28T11:32:18","modified_gmt":"2026-02-28T10:32:18","slug":"robe-gezina","status":"publish","type":"product","link":"https:\/\/boutique-de-jeanne-et-mila.fr\/index.php\/produit\/robe-gezina\/","title":{"rendered":"ROBE GEZINA"},"content":{"rendered":"<p>robe boutonn\u00e9e avec col, avec des \u00e9paulettes sur les \u00e9paules et un rabat sur les manches courtes . Cette robe poss\u00e8de un tunnel \u00e0 la taille avec un cordon de serrage et des poches \u00e0 rabat.<\/p>\n<p>le dos est l\u00e9g\u00e8rement plis long et courb\u00e9 .<\/p>\n<p>COMPOSITION : 85% VISCOSE 15% NYLON<\/p>\n","protected":false},"excerpt":{"rendered":"<p>robe boutonn\u00e9e avec col, avec des \u00e9paulettes sur les \u00e9paules et un rabat sur les manches courtes . Cette robe poss\u00e8de un tunnel \u00e0 la taille avec un cordon de serrage et des poches \u00e0 rabat. le dos est l\u00e9g\u00e8rement plis long et courb\u00e9 . COMPOSITION : 85% VISCOSE 15% NYLON<\/p>\n","protected":false},"featured_media":2381,"comment_status":"open","ping_status":"closed","template":"","meta":[],"product_brand":[],"product_cat":[41,312],"product_tag":[],"class_list":{"0":"post-2380","1":"product","2":"type-product","3":"status-publish","4":"has-post-thumbnail","6":"product_cat-saison-printemps-ete","7":"product_cat-robe-gezina","8":"pa_couleur-beige","10":"first","11":"instock","12":"sale","13":"shipping-taxable","14":"purchasable","15":"product-type-variable"},"jetpack_sharing_enabled":true,"_links":{"self":[{"href":"https:\/\/boutique-de-jeanne-et-mila.fr\/index.php\/wp-json\/wp\/v2\/product\/2380","targetHints":{"allow":["GET"]}}],"collection":[{"href":"https:\/\/boutique-de-jeanne-et-mila.fr\/index.php\/wp-json\/wp\/v2\/product"}],"about":[{"href":"https:\/\/boutique-de-jeanne-et-mila.fr\/index.php\/wp-json\/wp\/v2\/types\/product"}],"replies":[{"embeddable":true,"href":"https:\/\/boutique-de-jeanne-et-mila.fr\/index.php\/wp-json\/wp\/v2\/comments?post=2380"}],"wp:featuredmedia":[{"embeddable":true,"href":"https:\/\/boutique-de-jeanne-et-mila.fr\/index.php\/wp-json\/wp\/v2\/media\/2381"}],"wp:attachment":[{"href":"https:\/\/boutique-de-jeanne-et-mila.fr\/index.php\/wp-json\/wp\/v2\/media?parent=2380"}],"wp:term":[{"taxonomy":"product_brand","embeddable":true,"href":"https:\/\/boutique-de-jeanne-et-mila.fr\/index.php\/wp-json\/wp\/v2\/product_brand?post=2380"},{"taxonomy":"product_cat","embeddable":true,"href":"https:\/\/boutique-de-jeanne-et-mila.fr\/index.php\/wp-json\/wp\/v2\/product_cat?post=2380"},{"taxonomy":"product_tag","embeddable":true,"href":"https:\/\/boutique-de-jeanne-et-mila.fr\/index.php\/wp-json\/wp\/v2\/product_tag?post=2380"}],"curies":[{"name":"wp","href":"https:\/\/api.w.org\/{rel}","templated":true}]}}