{"id":2364,"date":"2024-04-05T16:19:25","date_gmt":"2024-04-05T14:19:25","guid":{"rendered":"https:\/\/boutique-de-jeanne-et-mila.fr\/?post_type=product&#038;p=2364"},"modified":"2025-02-02T12:38:08","modified_gmt":"2025-02-02T11:38:08","slug":"robe-chemise-essentielle-manar","status":"publish","type":"product","link":"https:\/\/boutique-de-jeanne-et-mila.fr\/index.php\/produit\/robe-chemise-essentielle-manar\/","title":{"rendered":"ROBE CHEMISE ESSENTIELLE MANAR"},"content":{"rendered":"<p>Robe chemise , coupe confortable avec un imprim\u00e9 int\u00e9gral . Cette robe en viscose et lin \u00e0 des mancherons avec un petit revers et des \u00e9paulettes sur l&#8217;\u00e9paule .<\/p>\n<p>Ceinture \u00e0 n\u0153ud\u00a0 assortie , fente lat\u00e9rale en bas de la robe. Deux poches<\/p>\n<p>COMPOSITION :\u00a0 80% VISCOSE 20% LIN<\/p>\n","protected":false},"excerpt":{"rendered":"<p>Robe chemise , coupe confortable avec un imprim\u00e9 int\u00e9gral . Cette robe en viscose et lin \u00e0 des mancherons avec un petit revers et des \u00e9paulettes sur l&#8217;\u00e9paule . Ceinture \u00e0 n\u0153ud\u00a0 assortie , fente lat\u00e9rale en bas de la robe. Deux poches COMPOSITION :\u00a0 80% VISCOSE 20% LIN<\/p>\n","protected":false},"featured_media":2281,"comment_status":"open","ping_status":"closed","template":"","meta":[],"product_brand":[],"product_cat":[41,311,381],"product_tag":[],"class_list":{"0":"post-2364","1":"product","2":"type-product","3":"status-publish","4":"has-post-thumbnail","6":"product_cat-saison-printemps-ete","7":"product_cat-robe-chemise-essentielle-manar","8":"product_cat-soldes","9":"pa_couleur-sable-combo","11":"first","12":"instock","13":"sale","14":"shipping-taxable","15":"purchasable","16":"product-type-variable"},"jetpack_sharing_enabled":true,"_links":{"self":[{"href":"https:\/\/boutique-de-jeanne-et-mila.fr\/index.php\/wp-json\/wp\/v2\/product\/2364","targetHints":{"allow":["GET"]}}],"collection":[{"href":"https:\/\/boutique-de-jeanne-et-mila.fr\/index.php\/wp-json\/wp\/v2\/product"}],"about":[{"href":"https:\/\/boutique-de-jeanne-et-mila.fr\/index.php\/wp-json\/wp\/v2\/types\/product"}],"replies":[{"embeddable":true,"href":"https:\/\/boutique-de-jeanne-et-mila.fr\/index.php\/wp-json\/wp\/v2\/comments?post=2364"}],"wp:featuredmedia":[{"embeddable":true,"href":"https:\/\/boutique-de-jeanne-et-mila.fr\/index.php\/wp-json\/wp\/v2\/media\/2281"}],"wp:attachment":[{"href":"https:\/\/boutique-de-jeanne-et-mila.fr\/index.php\/wp-json\/wp\/v2\/media?parent=2364"}],"wp:term":[{"taxonomy":"product_brand","embeddable":true,"href":"https:\/\/boutique-de-jeanne-et-mila.fr\/index.php\/wp-json\/wp\/v2\/product_brand?post=2364"},{"taxonomy":"product_cat","embeddable":true,"href":"https:\/\/boutique-de-jeanne-et-mila.fr\/index.php\/wp-json\/wp\/v2\/product_cat?post=2364"},{"taxonomy":"product_tag","embeddable":true,"href":"https:\/\/boutique-de-jeanne-et-mila.fr\/index.php\/wp-json\/wp\/v2\/product_tag?post=2364"}],"curies":[{"name":"wp","href":"https:\/\/api.w.org\/{rel}","templated":true}]}}