{"id":514,"date":"2023-05-12T15:31:11","date_gmt":"2023-05-12T13:31:11","guid":{"rendered":"https:\/\/boutique-de-jeanne-et-mila.fr\/?page_id=514"},"modified":"2023-05-12T16:33:48","modified_gmt":"2023-05-12T14:33:48","slug":"politique-en-matiere-de-remboursement-et-de-retour","status":"publish","type":"page","link":"https:\/\/boutique-de-jeanne-et-mila.fr\/index.php\/politique-en-matiere-de-remboursement-et-de-retour\/","title":{"rendered":"POLITIQUE EN MATIERE DE REMBOURSEMENT ET DE RETOUR:"},"content":{"rendered":"\n<p>Vous avez re\u00e7u votre commande mais certains articles ne conviennent pas ? Pas d\u2019inqui\u00e9tude, vous pouvez nous les retourner*.<\/p>\n\n\n\n<p><strong>Conditions de retour\u00a0:<\/strong><\/p>\n\n\n\n<p>Vous avez\u00a0<strong>30 jours<\/strong>\u00a0pour nous les renvoyer \u00e0 compter de la date de r\u00e9ception (p\u00e9riode r\u00e9duite \u00e0 14 jours pour les articles en soldes, et bonnes affaires).<\/p>\n\n\n\n<p> Article neuf, non port\u00e9, non lav\u00e9, \u00e9tiquet\u00e9, avec la facture disponible depuis votre compte cliente, rubrique \u00ab\u00a0Mes achats, mes commandes\u00a0\u00bb.<\/p>\n\n\n\n<p><strong>Pr\u00e9parez votre retour:<\/strong><\/p>\n\n\n\n<p>Retrouvez votre facture sur votre compte client.<br>Compl\u00e9tez les r\u00e9f\u00e9rences concern\u00e9es ainsi que le motif de retour.<\/p>\n\n\n\n<p><strong>Pr\u00e9parez votre colis :<\/strong><\/p>\n\n\n\n<p>Remettez les articles, non port\u00e9s, non lav\u00e9s, dans leur emballage d&#8217;origine.<br>D\u00e9posez votre facture indiquant les motifs de vos retours et vos articles \u00e0 retourner dans un colis adapt\u00e9.<\/p>\n\n\n\n<p><strong>Choisissez votre mode de retour :<\/strong><\/p>\n\n\n\n<p>Vous avez ensuite 2 solutions pour le retour\u00a0:  <\/p>\n\n\n\n<p>En  Point Relais ou par la Poste.<\/p>\n\n\n\n<p> <p>Nous vous rembourserons par virement sur votre compte bancaire \/ PayPal d\u00e8s traitement de votre retour <\/p><\/p>\n\n\n\n<p><br><\/p>\n","protected":false},"excerpt":{"rendered":"<p>Vous avez re\u00e7u votre commande mais certains articles ne conviennent pas ? Pas d\u2019inqui\u00e9tude, vous pouvez nous les retourner*. Conditions de retour\u00a0: Vous avez\u00a030 jours\u00a0pour nous les renvoyer \u00e0 compter de la date de r\u00e9ception (p\u00e9riode r\u00e9duite \u00e0 14 jours pour les articles en soldes, et bonnes affaires). Article neuf, non port\u00e9, non lav\u00e9, \u00e9tiquet\u00e9, [&hellip;]<\/p>\n","protected":false},"author":1,"featured_media":0,"parent":0,"menu_order":0,"comment_status":"closed","ping_status":"closed","template":"","meta":{"footnotes":""},"class_list":["post-514","page","type-page","status-publish","hentry"],"jetpack_sharing_enabled":true,"_links":{"self":[{"href":"https:\/\/boutique-de-jeanne-et-mila.fr\/index.php\/wp-json\/wp\/v2\/pages\/514","targetHints":{"allow":["GET"]}}],"collection":[{"href":"https:\/\/boutique-de-jeanne-et-mila.fr\/index.php\/wp-json\/wp\/v2\/pages"}],"about":[{"href":"https:\/\/boutique-de-jeanne-et-mila.fr\/index.php\/wp-json\/wp\/v2\/types\/page"}],"author":[{"embeddable":true,"href":"https:\/\/boutique-de-jeanne-et-mila.fr\/index.php\/wp-json\/wp\/v2\/users\/1"}],"replies":[{"embeddable":true,"href":"https:\/\/boutique-de-jeanne-et-mila.fr\/index.php\/wp-json\/wp\/v2\/comments?post=514"}],"version-history":[{"count":3,"href":"https:\/\/boutique-de-jeanne-et-mila.fr\/index.php\/wp-json\/wp\/v2\/pages\/514\/revisions"}],"predecessor-version":[{"id":525,"href":"https:\/\/boutique-de-jeanne-et-mila.fr\/index.php\/wp-json\/wp\/v2\/pages\/514\/revisions\/525"}],"wp:attachment":[{"href":"https:\/\/boutique-de-jeanne-et-mila.fr\/index.php\/wp-json\/wp\/v2\/media?parent=514"}],"curies":[{"name":"wp","href":"https:\/\/api.w.org\/{rel}","templated":true}]}}