{"id":479,"date":"2023-05-11T17:21:13","date_gmt":"2023-05-11T15:21:13","guid":{"rendered":"https:\/\/boutique-de-jeanne-et-mila.fr\/?page_id=479"},"modified":"2023-06-24T12:02:52","modified_gmt":"2023-06-24T10:02:52","slug":"carte-de-fidelite","status":"publish","type":"page","link":"https:\/\/boutique-de-jeanne-et-mila.fr\/index.php\/carte-de-fidelite\/","title":{"rendered":"Programme de fid\u00e9lit\u00e9"},"content":{"rendered":"\n<p>AVANTAGE FIDELITE<\/p>\n\n\n\n<div class=\"wp-block-columns is-layout-flex wp-container-core-columns-is-layout-9d6595d7 wp-block-columns-is-layout-flex\">\n<div class=\"wp-block-column is-layout-flow wp-block-column-is-layout-flow\">\n<p>1 point pour 5euros d&#8217;achat <\/p>\n\n\n\n<p>5 point pour la premi\u00e8re commande<\/p>\n\n\n\n<p>100 points est \u00e9gal \u00e0 10% de remise sur la totalit\u00e9 de votre commande<\/p>\n<\/div>\n<\/div>\n","protected":false},"excerpt":{"rendered":"<p>AVANTAGE FIDELITE 1 point pour 5euros d&#8217;achat 5 point pour la premi\u00e8re commande 100 points est \u00e9gal \u00e0 10% de remise sur la totalit\u00e9 de votre commande<\/p>\n","protected":false},"author":1,"featured_media":0,"parent":0,"menu_order":0,"comment_status":"closed","ping_status":"closed","template":"","meta":{"footnotes":""},"class_list":["post-479","page","type-page","status-publish","hentry"],"jetpack_sharing_enabled":true,"_links":{"self":[{"href":"https:\/\/boutique-de-jeanne-et-mila.fr\/index.php\/wp-json\/wp\/v2\/pages\/479","targetHints":{"allow":["GET"]}}],"collection":[{"href":"https:\/\/boutique-de-jeanne-et-mila.fr\/index.php\/wp-json\/wp\/v2\/pages"}],"about":[{"href":"https:\/\/boutique-de-jeanne-et-mila.fr\/index.php\/wp-json\/wp\/v2\/types\/page"}],"author":[{"embeddable":true,"href":"https:\/\/boutique-de-jeanne-et-mila.fr\/index.php\/wp-json\/wp\/v2\/users\/1"}],"replies":[{"embeddable":true,"href":"https:\/\/boutique-de-jeanne-et-mila.fr\/index.php\/wp-json\/wp\/v2\/comments?post=479"}],"version-history":[{"count":5,"href":"https:\/\/boutique-de-jeanne-et-mila.fr\/index.php\/wp-json\/wp\/v2\/pages\/479\/revisions"}],"predecessor-version":[{"id":962,"href":"https:\/\/boutique-de-jeanne-et-mila.fr\/index.php\/wp-json\/wp\/v2\/pages\/479\/revisions\/962"}],"wp:attachment":[{"href":"https:\/\/boutique-de-jeanne-et-mila.fr\/index.php\/wp-json\/wp\/v2\/media?parent=479"}],"curies":[{"name":"wp","href":"https:\/\/api.w.org\/{rel}","templated":true}]}}